{"id":1378,"date":"2018-09-30T23:38:18","date_gmt":"2018-09-30T21:38:18","guid":{"rendered":"https:\/\/ahelferich.de\/?page_id=1378"},"modified":"2018-10-01T13:30:15","modified_gmt":"2018-10-01T11:30:15","slug":"datenschutz","status":"publish","type":"page","link":"https:\/\/ahelferich.de\/index.php\/datenschutz\/","title":{"rendered":"Datenschutz"},"content":{"rendered":"<div class=\"fusion-fullwidth fullwidth-box fusion-builder-row-1 nonhundred-percent-fullwidth non-hundred-percent-height-scrolling\" style=\"background-color: rgba(255,255,255,0);background-position: center center;background-repeat: no-repeat;padding-top:0px;padding-right:0px;padding-bottom:0px;padding-left:0px;margin-bottom: 0px;margin-top: 0px;border-width: 0px 0px 0px 0px;border-color:#eae9e9;border-style:solid;\" ><div class=\"fusion-builder-row fusion-row\"><div class=\"fusion-layout-column fusion_builder_column fusion-builder-column-0 fusion_builder_column_1_1 1_1 fusion-one-full fusion-column-first fusion-column-last\" style=\"margin-top:0px;margin-bottom:0px;\"><div class=\"fusion-column-wrapper fusion-flex-column-wrapper-legacy\" style=\"background-position:left top;background-repeat:no-repeat;-webkit-background-size:cover;-moz-background-size:cover;-o-background-size:cover;background-size:cover;padding: 0px 0px 0px 0px;\"><div class=\"fusion-text fusion-text-1\" style=\"transform:translate3d(0,0,0);\"><h3>DATENSCHUTZ<\/h3>\n<p>Die Nutzung unserer Webseite ist in der Regel ohne Angabe personenbezogener Daten m\u00f6glich. Soweit auf unseren Seiten personenbezogene Daten (beispielsweise Name, Anschrift oder eMail-Adressen) z.B. bei der Anmeldung f\u00fcr Veranstaltungen oder zum Beziehen des Newsletters erhoben werden, erfolgt dies, soweit m\u00f6glich, stets auf freiwilliger Basis. Diese Daten werden ohne Ihre ausdr\u00fcckliche Zustimmung nicht an Dritte weitergegeben.<\/p>\n<p>Wir weisen darauf hin, dass die Daten\u00fcbertragung im Internet (z.B. bei der Kommunikation per E-Mail) Sicherheitsl\u00fccken aufweisen kann. Ein l\u00fcckenloser Schutz der Daten vor dem Zugriff durch Dritte ist nicht m\u00f6glich. Der Nutzung von im Rahmen der Impressumspflicht ver\u00f6ffentlichten Kontaktdaten durch Dritte zur \u00dcbersendung von nicht ausdr\u00fccklich angeforderter Werbung und Informationsmaterialien wird hiermit ausdr\u00fccklich widersprochen. Die Betreiber der Seiten behalten sich ausdr\u00fccklich rechtliche Schritte im Falle der unverlangten Zusendung von Werbeinformationen, etwa durch Spam-Mails, vor.<\/p>\n<h3>ANALYSEDIENSTE<\/h3>\n<p>Unsere Website verwendet Piwik, dabei handelt es sich um einen sogenannten Webanalysedienst. Piwik verwendet sog. \u201eCookies\u201c, das sind Textdateien, die auf Ihrem Computer gespeichert werden und die unsererseits eine Analyse der Benutzung der Webseite erm\u00f6glichen. Zu diesem Zweck werden die durch den Cookie erzeugten Nutzungsinformationen (einschlie\u00dflich Ihrer gek\u00fcrzten IP-Adresse) an unseren Server \u00fcbertragen und zu Nutzungsanalysezwecken gespeichert, was der Webseitenoptimierung unsererseits dient. Ihre IP-Adresse wird bei diesem Vorgang umge\u00adhend anony\u00admi\u00adsiert, so dass Sie als Nutzer f\u00fcr uns anonym bleiben. Die durch den Cookie erzeugten Informationen \u00fcber Ihre Benutzung dieser Webseite werden nicht an Dritte weitergegeben. Sie k\u00f6nnen die Verwendung der Cookies durch eine entsprechende Einstellung Ihrer Browser Software verhindern, es kann jedoch sein, dass Sie in diesem Fall gegebenenfalls nicht s\u00e4mtliche Funktionen dieser Website voll umf\u00e4nglich nutzen k\u00f6nnen.<br \/>\n<strong>Quelle\u00a0<a title=\"Datenschutzbeauftragter INFO\" href=\"https:\/\/www.datenschutzbeauftragter-info.de\/fachbeitraege\/\" target=\"_blank\" rel=\"noopener\">www.datenschutzbeauftragter-info.de<\/a><\/strong><\/p>\n<h3>HIER K\u00d6NNEN SIE IHRE MOMENTANEN TRACKINGEINSTELLUNGEN IM BROWSER SEHEN<\/h3>\n<p><iframe src=\"http:\/\/piwik.pshelferich.de\/index.php?module=CoreAdminHome&amp;action=optOut&amp;language=de\" width=\"300\" height=\"150\" data-mce-fragment=\"1\"><\/iframe><\/p>\n<h3>WIDERRUF DER EINWILLIGUNG<\/h3>\n<p>Sie k\u00f6nnen die Einwilligung zur Erhebung, Verarbeitung und Nutzung Ihrer personenbezogenen Daten jederzeit mit Wirkung f\u00fcr die Zukunft widerrufen. Wenn Sie uns personenbezogene Daten \u00fcberlassen haben, haben Sie jederzeit die M\u00f6glichkeit, diese einfach wieder l\u00f6schen zu lassen. Senden Sie uns hierzu einfach eine E-Mail an ah@ahelferich.de<\/p>\n<h3>LINKS ZU ANDEREN WEBSITES<\/h3>\n<p>Auf der Website von Anita Helferich k\u00f6nnen sich Links, die zu anderen Webseiten f\u00fchren, befinden, die nicht zur Website von Anita Helferich geh\u00f6ren.Anita Helferich \u00fcbernimmt keine Haftung f\u00fcr eventuelle Datenschutzverletzungen, die sich beim Besuch dieser Angebote ergeben oder die Inhalte dieser Seiten.<\/p>\n<h3>QUELLENANGABEN<\/h3>\n<p><a href=\"http:\/\/www.e-recht24.de\/muster-disclaimer.htm\" target=\"_blank\" rel=\"noopener\">Disclaimer von eRecht24<\/a>, dem Portal zum Internetrecht von Rechtsanwalt S\u00f6ren Siebert<\/p>\n<\/div><div class=\"fusion-clearfix\"><\/div><\/div><\/div><\/div><\/div>\n","protected":false},"excerpt":{"rendered":"","protected":false},"author":1,"featured_media":0,"parent":0,"menu_order":0,"comment_status":"closed","ping_status":"closed","template":"","meta":[],"_links":{"self":[{"href":"https:\/\/ahelferich.de\/index.php\/wp-json\/wp\/v2\/pages\/1378"}],"collection":[{"href":"https:\/\/ahelferich.de\/index.php\/wp-json\/wp\/v2\/pages"}],"about":[{"href":"https:\/\/ahelferich.de\/index.php\/wp-json\/wp\/v2\/types\/page"}],"author":[{"embeddable":true,"href":"https:\/\/ahelferich.de\/index.php\/wp-json\/wp\/v2\/users\/1"}],"replies":[{"embeddable":true,"href":"https:\/\/ahelferich.de\/index.php\/wp-json\/wp\/v2\/comments?post=1378"}],"version-history":[{"count":4,"href":"https:\/\/ahelferich.de\/index.php\/wp-json\/wp\/v2\/pages\/1378\/revisions"}],"predecessor-version":[{"id":1396,"href":"https:\/\/ahelferich.de\/index.php\/wp-json\/wp\/v2\/pages\/1378\/revisions\/1396"}],"wp:attachment":[{"href":"https:\/\/ahelferich.de\/index.php\/wp-json\/wp\/v2\/media?parent=1378"}],"curies":[{"name":"wp","href":"https:\/\/api.w.org\/{rel}","templated":true}]}}